{"id":74,"date":"2022-12-11T10:40:43","date_gmt":"2022-12-11T09:40:43","guid":{"rendered":"https:\/\/jpfsculptures.fr\/index.php\/front_page\/"},"modified":"2024-01-15T17:01:36","modified_gmt":"2024-01-15T16:01:36","slug":"jeanpaulfaure","status":"publish","type":"page","link":"https:\/\/jpfsculptures.fr\/index.php\/jeanpaulfaure\/","title":{"rendered":"accueil"},"content":{"rendered":"\n<figure class=\"wp-block-image size-large\"><img loading=\"lazy\" decoding=\"async\" width=\"1024\" height=\"580\" src=\"http:\/\/jpfsculptures.fr\/wp-content\/uploads\/2022\/12\/IMG_1926-2-1-1024x580.jpeg\" alt=\"\" class=\"wp-image-177\" srcset=\"https:\/\/jpfsculptures.fr\/wp-content\/uploads\/2022\/12\/IMG_1926-2-1-1024x580.jpeg 1024w, https:\/\/jpfsculptures.fr\/wp-content\/uploads\/2022\/12\/IMG_1926-2-1-300x170.jpeg 300w, https:\/\/jpfsculptures.fr\/wp-content\/uploads\/2022\/12\/IMG_1926-2-1-768x435.jpeg 768w, https:\/\/jpfsculptures.fr\/wp-content\/uploads\/2022\/12\/IMG_1926-2-1-1536x870.jpeg 1536w, https:\/\/jpfsculptures.fr\/wp-content\/uploads\/2022\/12\/IMG_1926-2-1-2048x1160.jpeg 2048w\" sizes=\"auto, (max-width: 1024px) 100vw, 1024px\" \/><\/figure>\n\n\n\nJean-Paul Faure artiste: sculpteur sur bois, modelage, peintures aquarelles, mobilier, &#8230;\ninstall\u00e9 en Savoie \u00e0 Bassens (73) \u00e0 cot\u00e9 de Chamb\u00e9ry\n\n\n\n<figure class=\"wp-block-image size-large\"><img loading=\"lazy\" decoding=\"async\" width=\"699\" height=\"1024\" src=\"http:\/\/jpfsculptures.fr\/wp-content\/uploads\/2024\/01\/autoportrait-aquarelle-699x1024.jpeg\" alt=\"\" class=\"wp-image-477\" srcset=\"https:\/\/jpfsculptures.fr\/wp-content\/uploads\/2024\/01\/autoportrait-aquarelle-699x1024.jpeg 699w, https:\/\/jpfsculptures.fr\/wp-content\/uploads\/2024\/01\/autoportrait-aquarelle-205x300.jpeg 205w, https:\/\/jpfsculptures.fr\/wp-content\/uploads\/2024\/01\/autoportrait-aquarelle.jpeg 742w\" sizes=\"auto, (max-width: 699px) 100vw, 699px\" \/><\/figure>\n","protected":false},"excerpt":{"rendered":"<p>Jean-Paul Faure artiste: sculpteur sur bois, modelage, peintures aquarelles, mobilier, &#8230; install\u00e9 en Savoie \u00e0 Bassens (73) \u00e0 cot\u00e9 de Chamb\u00e9ry<\/p>\n","protected":false},"author":1,"featured_media":0,"parent":0,"menu_order":0,"comment_status":"closed","ping_status":"closed","template":"","meta":{"footnotes":""},"class_list":["post-74","page","type-page","status-publish","hentry"],"_links":{"self":[{"href":"https:\/\/jpfsculptures.fr\/index.php\/wp-json\/wp\/v2\/pages\/74","targetHints":{"allow":["GET"]}}],"collection":[{"href":"https:\/\/jpfsculptures.fr\/index.php\/wp-json\/wp\/v2\/pages"}],"about":[{"href":"https:\/\/jpfsculptures.fr\/index.php\/wp-json\/wp\/v2\/types\/page"}],"author":[{"embeddable":true,"href":"https:\/\/jpfsculptures.fr\/index.php\/wp-json\/wp\/v2\/users\/1"}],"replies":[{"embeddable":true,"href":"https:\/\/jpfsculptures.fr\/index.php\/wp-json\/wp\/v2\/comments?post=74"}],"version-history":[{"count":11,"href":"https:\/\/jpfsculptures.fr\/index.php\/wp-json\/wp\/v2\/pages\/74\/revisions"}],"predecessor-version":[{"id":478,"href":"https:\/\/jpfsculptures.fr\/index.php\/wp-json\/wp\/v2\/pages\/74\/revisions\/478"}],"wp:attachment":[{"href":"https:\/\/jpfsculptures.fr\/index.php\/wp-json\/wp\/v2\/media?parent=74"}],"curies":[{"name":"wp","href":"https:\/\/api.w.org\/{rel}","templated":true}]}}